{"id":14,"date":"2018-03-25T18:48:21","date_gmt":"2018-03-25T18:48:21","guid":{"rendered":"http:\/\/www.zenco.pl\/?page_id=14"},"modified":"2021-01-08T19:08:18","modified_gmt":"2021-01-08T19:08:18","slug":"sesje-indywidualne","status":"publish","type":"page","link":"http:\/\/www.zenco.pl\/?page_id=14","title":{"rendered":"COACHING"},"content":{"rendered":"<p><a href=\"http:\/\/www.zenco.pl\/wp-content\/uploads\/2018\/06\/sciezka2.jpg\"><img loading=\"lazy\" class=\"alignnone size-full wp-image-369\" src=\"http:\/\/www.zenco.pl\/wp-content\/uploads\/2018\/06\/sciezka2.jpg\" alt=\"\" width=\"5184\" height=\"1535\" srcset=\"http:\/\/www.zenco.pl\/wp-content\/uploads\/2018\/06\/sciezka2.jpg 5184w, http:\/\/www.zenco.pl\/wp-content\/uploads\/2018\/06\/sciezka2-300x89.jpg 300w, http:\/\/www.zenco.pl\/wp-content\/uploads\/2018\/06\/sciezka2-768x227.jpg 768w, http:\/\/www.zenco.pl\/wp-content\/uploads\/2018\/06\/sciezka2-1024x303.jpg 1024w\" sizes=\"(max-width: 5184px) 100vw, 5184px\" \/><\/a><\/p>\n<p>W pracy sp\u0119dzamy wi\u0119kszo\u015b\u0107 naszego \u015bwiadomego \u017cycia. Czasami \u015bcie\u017cka kariery uk\u0142ada si\u0119 jakby sama, zw\u0142aszcza na pocz\u0105tku naszej drogi zawodowej, nie mamy jakiego\u015b konkretnego planu, po prostu p\u0142yniemy z pr\u0105dem. Poniewa\u017c \u017cycie sk\u0142ada si\u0119 z wielu drobnych wybor\u00f3w, czasami miejsce, do kt\u00f3rego dop\u0142yniemy jest fajne, a czasami nie. W du\u017cej mierze zale\u017cy to od tego, na ile nasze wybory by\u0142y \u015bwiadome i sk\u0142ada\u0142y si\u0119 na cz\u0119\u015b\u0107 naszego planu, a na ile przypadkowe, na ile zgodne z naszymi preferencjami i potencja\u0142em, oraz da\u0142y oczekiwane efekty. Gorzej je\u015bli oczekujemy efekt\u00f3w, kt\u00f3rych nie zaplanowali\u015bmy, poniewa\u017c dzia\u0142a tutaj prosta zasada: je\u015bli co\u015b zaplanujesz, jest du\u017ce prawdopodobie\u0144stwo, \u017ce to osi\u0105gniesz, a je\u015bli nic nie zaplanujesz, na pewno co\u015b si\u0119 wydarzy, ale nie wiadomo co.<\/p>\n<p>Coaching kariery jest procesem zar\u00f3wno odkrywania swoich zasob\u00f3w, preferencji i warto\u015bci, jak i procesem ustalania cel\u00f3w i sposob\u00f3w ich realizacji. \u00a0To co mnie najbardziej fascynuje w coachingu \u00a0i to na czym zale\u017cy mi najbardziej, to odkrywanie z drugim cz\u0142owiekiem jego w\u0142asnej \u015bcie\u017cki do spe\u0142nienia, poczucia sensu i szcz\u0119\u015bcia\u2026 Je\u015bli Tobie r\u00f3wnie\u017c o to chodzi, to zapraszam.<\/p>\n<h4><strong>Co otrzymujesz:<\/strong><\/h4>\n<ul>\n<li>90 min. indywidualn\u0105 sesj\u0119 coachingow\u0105, prowadzon\u0105 przez certyfikowanego coacha ICC oraz TCI (ICF), psychologa i praktyka biznesu,<\/li>\n<li>Materia\u0142y i kwestionariusze do oceny preferencji zawodowych,<\/li>\n<li>Odkrycie swoich talent\u00f3w, mocnych stron i warto\u015bci,<\/li>\n<li>Zweryfikowanie swoich oczekiwa\u0144 i d\u0105\u017ce\u0144 oraz wiedz\u0119, jak to zrobi\u0107, by doj\u015b\u0107 tam, gdzie chcesz, pomimo w\u0105tpliwo\u015bci i przeszk\u00f3d.<\/li>\n<\/ul>\n<h4><strong>Warunki oferty:<\/strong><\/h4>\n<ul>\n<li>wymagana wcze\u015bniejsza rezerwacja terminu spotkania (mailowa):\u00a0<a href=\"mailto:eliza.kruszewska@zenco.pl\">eliza.kruszewska@zenco.pl<\/a>\u00a0lub poprzez formularz kontaktowy z podaniem celu coachingu,<\/li>\n<li>przed pierwszym spotkaniem niezb\u0119dne jest wype\u0142nienie i odes\u0142anie kwestionariusza.<\/li>\n<\/ul>\n<p><strong>Forma spotka\u0144:\u00a0<\/strong>\u00a0spotkania osobiste lub sesje za po\u015brednictwem <strong>skype<\/strong><\/p>\n<p><strong>Sesje skype<\/strong> pozwalaj\u0105 na wi\u0119ksz\u0105 elastyczno\u015b\u0107 czasow\u0105 i wi\u0119ksz\u0105 koncentracj\u0119\u00a0klienta na sobie,\u00a0pozwalaj\u0105 czu\u0107 si\u0119 swobodniej, zmniejszy\u0107 skr\u0119powanie zwi\u0105zane z now\u0105 sytuacj\u0105,\u00a0z tych i wielu innych powod\u00f3w sesje skype w przypadku coachingu stosowane s\u0105 na \u015bwiecie jako najcz\u0119stsza forma wsp\u00f3\u0142pracy.<\/p>\n<p>Za po\u015brednictwem komunikatora skype pracowa\u0142am i pracuj\u0119\u00a0z klientami r\u00f3wnie\u017c z innych kraj\u00f3w \u2013 Francji, Niemiec, Brukseli, a nawet Kuwejtu<\/p>\n<p>Proces coachingu z\u0142o\u017cony jest z sesji coachingowych i zada\u0144 wykonywanych pomi\u0119dzy sesjami. Sesje coachingowe obejmuj\u0105 przegl\u0105d sytuacji obecnej Klienta, informacje zwrotne ze strony coacha, formu\u0142owanie wniosk\u00f3w, wyb\u00f3r strategii doj\u015bcia do cel\u00f3w, planowanie dzia\u0142a\u0144, motywowanie do podejmowania decyzji, zobowi\u0105za\u0144, tworzenie plan\u00f3w, realizowanie zada\u0144 zmieniaj\u0105cych nieskuteczne zachowania.<\/p>\n<p>Chcesz wiedzie\u0107 wi\u0119cej \u2013<strong>\u00a0<a href=\"http:\/\/www.zenco.pl\/#contact\">napisz<\/a><\/strong>. Jeden krok jest pocz\u0105tkiem drogi<strong>.<\/strong><\/p>\n","protected":false},"excerpt":{"rendered":"<p>W pracy sp\u0119dzamy wi\u0119kszo\u015b\u0107 naszego \u015bwiadomego \u017cycia. Czasami \u015bcie\u017cka kariery uk\u0142ada si\u0119 jakby sama, zw\u0142aszcza na pocz\u0105tku naszej drogi zawodowej, nie mamy jakiego\u015b konkretnego planu, po prostu p\u0142yniemy z pr\u0105dem. Poniewa\u017c \u017cycie sk\u0142ada si\u0119 z wielu drobnych wybor\u00f3w, czasami miejsce, do kt\u00f3rego dop\u0142yniemy jest fajne, a czasami nie. W du\u017cej mierze zale\u017cy to od tego, <a href=\"http:\/\/www.zenco.pl\/?page_id=14\" rel=\"nofollow\"><span class=\"sr-only\">Read more about COACHING<\/span>[&hellip;]<\/a><\/p>\n","protected":false},"author":1,"featured_media":0,"parent":0,"menu_order":0,"comment_status":"closed","ping_status":"closed","template":"","meta":[],"_links":{"self":[{"href":"http:\/\/www.zenco.pl\/index.php?rest_route=\/wp\/v2\/pages\/14"}],"collection":[{"href":"http:\/\/www.zenco.pl\/index.php?rest_route=\/wp\/v2\/pages"}],"about":[{"href":"http:\/\/www.zenco.pl\/index.php?rest_route=\/wp\/v2\/types\/page"}],"author":[{"embeddable":true,"href":"http:\/\/www.zenco.pl\/index.php?rest_route=\/wp\/v2\/users\/1"}],"replies":[{"embeddable":true,"href":"http:\/\/www.zenco.pl\/index.php?rest_route=%2Fwp%2Fv2%2Fcomments&post=14"}],"version-history":[{"count":20,"href":"http:\/\/www.zenco.pl\/index.php?rest_route=\/wp\/v2\/pages\/14\/revisions"}],"predecessor-version":[{"id":552,"href":"http:\/\/www.zenco.pl\/index.php?rest_route=\/wp\/v2\/pages\/14\/revisions\/552"}],"wp:attachment":[{"href":"http:\/\/www.zenco.pl\/index.php?rest_route=%2Fwp%2Fv2%2Fmedia&parent=14"}],"curies":[{"name":"wp","href":"https:\/\/api.w.org\/{rel}","templated":true}]}}