{"id":13,"date":"2018-03-25T18:48:21","date_gmt":"2018-03-25T18:48:21","guid":{"rendered":"http:\/\/www.zenco.pl\/?page_id=13"},"modified":"2019-02-28T23:43:33","modified_gmt":"2019-02-28T23:43:33","slug":"o-mnie","status":"publish","type":"page","link":"http:\/\/www.zenco.pl\/?page_id=13","title":{"rendered":"ELIZA KRUSZEWSKA"},"content":{"rendered":"<p><a href=\"http:\/\/www.zenco.pl\/wp-content\/uploads\/2018\/04\/elizab.jpg\"><img loading=\"lazy\" class=\"size-full wp-image-63 alignleft\" src=\"http:\/\/www.zenco.pl\/wp-content\/uploads\/2018\/04\/elizab.jpg\" alt=\"\" width=\"188\" height=\"214\" \/><\/a><\/p>\n<p>zenCo jest owocem mojej pasji, powsta\u0142o w wyniku wieloletniej fascynacji teoriami rozwoju umys\u0142u oraz system\u00f3w oraz z\u00a0ch\u0119ci wspierania os\u00f3b i organizacji we wprowadzaniu zmian i rozwijaniu kreatywnego my\u015blenia, ca\u0142y czas pami\u0119taj\u0105c o elastyczno\u015bci psychicznej, kt\u00f3ra pomaga radzi\u0107 sobie z codziennym stresem.<\/p>\n<p>Jestem praktykiem biznesu z ponad 25letnim do\u015bwiadczeniem, coachem, trenerem, mentorem, psychologiem i terapeut\u0105.<\/p>\n<p>Realizowa\u0142am procesy coachingowe dla takich klient\u00f3w jak: AON, Coca Cola HSBC, AXA, Merlin S.A., Ministerstwo Rozwoju Regionalnego, Procter&amp;Gamble, Home.pl, Polpharma, Octapharma, BP, Re:sources Publicis Group. \u00a0Prowadzi\u0142am te\u017c zaj\u0119cia na Podyplomowym Studium Coachingu w ramach Laboratorium Psychoedukacji i Uniwersytetu SWPS.<\/p>\n<p>Projektuj\u0119 programy rozwojowe dla organizacji, warsztaty dotycz\u0105ce zmiany, wsp\u00f3\u0142pracy i komunikacji.<\/p>\n<p>Tworz\u0119 i prowadz\u0119 warsztaty dla os\u00f3b indywidualnych dot. \u015bcie\u017cki kariery i elastyczno\u015bci psychicznej &#8211; wkr\u00f3tce dost\u0119pne on-line w aplikacji Beviado we wsp\u00f3\u0142pracy z Uniwersytetem SPWPS.<\/p>\n<p>Wcze\u015bniej by\u0142am rzecznikiem prasowym grupy Renault w Polsce i Krajach Ba\u0142tyckich. Tworzy\u0142am strategie PR dla: Citibank, 3Com, Intel, ABN AMRO, Scandinavian Airlines System SAS, Procter &amp; Gamble, Prudential Insurance Company of America, Philip Morris i Nokia.<\/p>\n<p>Uko\u0144czy\u0142am SGH, fakultet Design Thinking na Uniwersytecie SWPS\u00a0oraz psychologi\u0119 na Uniwersytecie SWPS. Studiowa\u0142am\u00a0Zarz\u0105dzanie i Marketing na Universtite de Bourgogne w Dijon. Jestem certyfikowanym coachem ICC oraz jako jeden z kilkunastu coach\u00f3w w Polsce uzyska\u0142am certyfikacj\u0119 Team Coaching International (ICF).<\/p>\n<p>Pracy z umys\u0142em i emocjami w nurcie Terapii Akceptacji i Zaanga\u017cowania uczy\u0142am si\u0119 od Kelly&#8217;ego Willsona, jednego z jej tw\u00f3rc\u00f3w. Pracy w nurcie intensywnej kr\u00f3tkoterminowej terapii psychodynamicznej od Jona Fredericksona, Roberta Neborsky&#8217;ego, Patricii Coughlin oraz Josette ten have-de Labije, wsp\u00f3\u0142tw\u00f3rc\u00f3w metody. Pracy z cia\u0142em od Paul&#8217;a Linden&#8217;a, tw\u00f3rca metody\u00a0 &#8222;Being in movement&#8221;. Uko\u0144czy\u0142am r\u00f3wnie\u017c kilka szkole\u0144 w podej\u015bcie EMDR (Eye Movement Desensitisation and Reprocessing), podej\u015bcia rekomendowanego przez WHO (\u015awiatow\u0105 Organizacj\u0119 ds Zdrowia) w pracy z traumami.<\/p>\n<p>Wiele zawdzi\u0119czam moim nauczycielom mindfulness, czyli Jonowi Kabat-Zinn i Christopherowi Germerowi, kt\u00f3ry szczeg\u00f3ln\u0105 uwag\u0119 zwraca na wsp\u00f3\u0142czucie i \u017cyczliwo\u015b\u0107 wobec siebie.<\/p>\n<p>Najlepszymi moimi nauczycielami byli spotkani na \u015bcie\u017cce \u017cycia ludzie, zw\u0142aszcza ci trudni.<\/p>\n<h4><strong>Specjalizacja<\/strong><\/h4>\n<p>Moj\u0105 pasj\u0105 jest efektywna komunikacja, kreatywne i projektowe my\u015blenie w biznesie (design thinking) oraz rozwijanie elastyczno\u015bci psychicznej niezb\u0119dnej w dzisiejszym zwariowanym \u015bwiecie, w kt\u00f3rym jedyn\u0105 pewn\u0105 rzecz\u0105 jest zmiana.<\/p>\n<p>Pracuj\u0119 z osobami dotkni\u0119tymi wypaleniem zawodowym, stresem i maj\u0105cymi problemy w zwi\u0105zkach, pomagaj\u0105c w stworzeniu \u017cycia pe\u0142nego sensu i znaczenia.<\/p>\n<p><strong>Organizacje<\/strong><\/p>\n<p>Bra\u0142am udzia\u0142 w pracach Komisji Coachingu przy Polskiej Izbie Firm Szkoleniowych zajmuj\u0105cej si\u0119 opracowywaniem standard\u00f3w zawodu coacha w Polsce. W ICF prowadzi\u0142am rozwojowe warsztaty dla coach\u00f3w oraz bra\u0142am udzia\u0142 w opracowaniu koncepcji Newslettera.<\/p>\n<p>Wsp\u00f3\u0142pracowa\u0142am jako ekspert pro publico bono z Fundacj\u0105 Robinson, przy tworzeniu program\u00f3w usamodzielniania m\u0142odzie\u017cy z rodzin zast\u0119pczych i dom\u00f3w dziecka.<\/p>\n<p>Teraz towarzysz\u0119 osobom i organizacjom w rozwoju z du\u017c\u0105 doz\u0105 uwa\u017cno\u015bci i spor\u0105 dawk\u0105 poczucia humoru. Obiema nogami mocno w rzeczywisto\u015bci, kt\u00f3ra bywa cudownie zaskakuj\u0105ca.<\/p>\n<h4><strong>Prywatnie <\/strong><\/h4>\n<p>Jestem mam\u0105 doros\u0142ej c\u00f3rki, cz\u0142owiekiem dla dw\u00f3ch ps\u00f3w, w wolnych chwilach zajmuj\u0119 si\u0119 ogrodem, projektuj\u0119 wn\u0119trza, kocham d\u0142ugie spacery w lesie z moimi szalonymi psami i medytacj\u0119.<\/p>\n<h4 style=\"text-align: right;\">Eliza Kruszewska<\/h4>\n<blockquote><p><em>Je\u015bli podchodzimy do innych i \u015bwiata z mi\u0142o\u015bci\u0105, mamy niesko\u0144czon\u0105 liczb\u0119 rozwi\u0105za\u0144 i mo\u017cliwo\u015bci, a je\u015bli podchodzimy z l\u0119kiem, pozostaj\u0105 nam tylko trzy opcje: znieruchomie\u0107, ucieka\u0107 b\u0105d\u017a walczy\u0107.<\/em><\/p><\/blockquote>\n","protected":false},"excerpt":{"rendered":"<p>zenCo jest owocem mojej pasji, powsta\u0142o w wyniku wieloletniej fascynacji teoriami rozwoju umys\u0142u oraz system\u00f3w oraz z\u00a0ch\u0119ci wspierania os\u00f3b i organizacji we wprowadzaniu zmian i rozwijaniu kreatywnego my\u015blenia, ca\u0142y czas pami\u0119taj\u0105c o elastyczno\u015bci psychicznej, kt\u00f3ra pomaga radzi\u0107 sobie z codziennym stresem. Jestem praktykiem biznesu z ponad 25letnim do\u015bwiadczeniem, coachem, trenerem, mentorem, psychologiem i terapeut\u0105. Realizowa\u0142am <a href=\"http:\/\/www.zenco.pl\/?page_id=13\" rel=\"nofollow\"><span class=\"sr-only\">Read more about ELIZA KRUSZEWSKA<\/span>[&hellip;]<\/a><\/p>\n","protected":false},"author":1,"featured_media":0,"parent":0,"menu_order":0,"comment_status":"closed","ping_status":"closed","template":"","meta":[],"_links":{"self":[{"href":"http:\/\/www.zenco.pl\/index.php?rest_route=\/wp\/v2\/pages\/13"}],"collection":[{"href":"http:\/\/www.zenco.pl\/index.php?rest_route=\/wp\/v2\/pages"}],"about":[{"href":"http:\/\/www.zenco.pl\/index.php?rest_route=\/wp\/v2\/types\/page"}],"author":[{"embeddable":true,"href":"http:\/\/www.zenco.pl\/index.php?rest_route=\/wp\/v2\/users\/1"}],"replies":[{"embeddable":true,"href":"http:\/\/www.zenco.pl\/index.php?rest_route=%2Fwp%2Fv2%2Fcomments&post=13"}],"version-history":[{"count":28,"href":"http:\/\/www.zenco.pl\/index.php?rest_route=\/wp\/v2\/pages\/13\/revisions"}],"predecessor-version":[{"id":526,"href":"http:\/\/www.zenco.pl\/index.php?rest_route=\/wp\/v2\/pages\/13\/revisions\/526"}],"wp:attachment":[{"href":"http:\/\/www.zenco.pl\/index.php?rest_route=%2Fwp%2Fv2%2Fmedia&parent=13"}],"curies":[{"name":"wp","href":"https:\/\/api.w.org\/{rel}","templated":true}]}}